{"id":64,"date":"2023-09-19T11:11:12","date_gmt":"2023-09-19T09:11:12","guid":{"rendered":"https:\/\/cestdelaviolence.be\/?page_id=64"},"modified":"2023-10-11T15:00:30","modified_gmt":"2023-10-11T13:00:30","slug":"je-suis-un-proche","status":"publish","type":"page","link":"https:\/\/cestdelaviolence.be\/index.php\/je-cherche-des-informations\/je-suis-un-proche\/","title":{"rendered":"Je suis un proche"},"content":{"rendered":"\n<p>La responsabilit\u00e9 du proche<\/p>\n\n\n\n<p>Il n\u2019est pas rare qu\u2019en tant que proche, vous n\u2019ayez pas vu les signes de violence. Surtout qu\u2019elle est souvent progressive. De plus, le sentiment de honte que la victime a, l&#8217;emp\u00eache de demander de l\u2019aide.&nbsp;<\/p>\n\n\n\n<p>Si vous avez vu des choses qui vous assimilez \u00e0 de la violence, n\u2019h\u00e9sitez pas \u00e0 en parler mais pas de mani\u00e8re frontale. Vous pouvez simplement faire part de votre \u00e9tonnement, de vos interrogations, \u2026 Le principal est d\u2019ouvrir le dialogue.&nbsp;<\/p>\n\n\n\n<p>Vous trouverez le guide du bon\/ de la bonne ami\u00b7e juste en dessous avec pleins de conseils.&nbsp;<\/p>\n\n\n\n<p>Le guide du bon\/de la bonne ami\u00b7e<\/p>\n\n\n\n<p>Voici quelques conseils \/ fa\u00e7ons de communiquer de mani\u00e8re efficace pour pouvoir aider, voire soutenir la personne ayant subi des violences.&nbsp;<\/p>\n\n\n\n<p><em>Traduction Guide du\/ de la bon.ne voisin.e: \u201cSisterhood in neighbourhood\u201d<\/em><\/p>\n\n\n\n<p>Des conseils pratiques afin de soutenir les personnes qui vivent des relations violentes ainsi que pour cr\u00e9er des communaut\u00e9s solidaires dans nos logements.&nbsp;<\/p>\n\n\n\n<h2 class=\"wp-block-heading has-text-align-center has-text-color has-background\" style=\"color:#651b45;background-color:#ffc980;font-size:25px\"><strong>Comment venir en aide?&nbsp;<\/strong><\/h2>\n\n\n\n<p>Afin de soutenir les personnes de notre entourage\/ nos voisins qui vivent des situation de violence domestique il est important de <strong>bien choisir le contexte dans lequel fournir ce soutien<\/strong>. Cela peut \u00eatre utile pour pouvoir \u00e9tablir les meilleures modalit\u00e9s pour entrer en contact avec la personne cible des violences <strong>sans pour autant l\u2019exposer davantage \u00e0 d\u2019autres situations de p\u00e9ril ou d\u2019isolement<\/strong>.&nbsp;&nbsp;<\/p>\n\n\n\n<p>Il faut se rappeler que chaque personne et chaque situation est diff\u00e9rente et se retrouve \u00e0 agir dans des contextes \u00e9galement tr\u00e8s diff\u00e9rents. Elles\u00b7eux peuvent avoir n\u2019importe quel \u00e2ge, \u00eatre une personne affect\u00e9e par un handicap ou \u00e0 mobilit\u00e9 r\u00e9duite, ne pas \u00eatre francophone ou fran\u00e7ais.e.s langue maternelle, avoir n\u2019importe quel niveau de scolarit\u00e9.&nbsp;<\/p>\n\n\n\n<p>En outre, il faut garder \u00e0 l\u2019esprit que les personnes subissant des violences ont souvent de la difficult\u00e9 \u00e0 \u00e9tablir des rapports de confiance, c\u2019est pr\u00e9cis\u00e9ment pour cela qu\u2019il faut essayer d&#8217;\u00eatre empathiques, sensibles, disponibles, ouvert.e.s, en ayant une attitude non jugeante, voire bienveillante tout en pratiquant une \u00e9coute active.&nbsp;<\/p>\n\n\n\n<p>Ci suit, vous trouverez toute une s\u00e9rie de conseils pratiques dans une liste non-exhaustive que l\u2019on peut adapter en fonction du degr\u00e9 de confiance avec son interlocuteur\u00b7ice:&nbsp;<\/p>\n\n\n\n<p class=\"has-text-color\" style=\"color:#651b45\"><strong>Sonnettes d\u2019alarmes :<\/strong>\u00a0<\/p>\n\n\n\n<ul class=\"wp-block-list\">\n<li>Vous entendez souvent des cris et des engueulades ;&nbsp;<\/li>\n\n\n\n<li>Vous avez l\u2019impression que quelqu\u2019un\u00b7e s est agit\u00e9\u00b7e et\/ou d\u00e9prim\u00e9\u00b7e ;&nbsp;<\/li>\n\n\n\n<li>Vous avez l\u2019impression que la personne soit intimid\u00e9e par son\/sa partenaire \/ par un des membres de sa famille ou de son entourage qui semblent \u00eatre violent\u00b7es ;&nbsp;<\/li>\n\n\n\n<li>Vous avez l\u2019impression que cette personne n\u2019est pas ind\u00e9pendante du point de vue professionnel, financier ou \u00e9conomique et en m\u00eame temps iels te signale \/ se plaint de ne pas avoir assez de contr\u00f4le sur ses d\u00e9penses\/ sur son argent ou qu\u2019iels est m\u00eame dans l\u2019impossibilit\u00e9 d&#8217;acc\u00e9der \u00e0 ces ressources;&nbsp;<\/li>\n\n\n\n<li>Vous avez remarqu\u00e9 que la personne pr\u00e9sente des traces de violence sur son corps;&nbsp;<\/li>\n\n\n\n<li>Vous avez remarqu\u00e9 qu&#8217;un\u00b7e de ses ex-partenaires circule souvent aux alentours de la maison \/ du logement;&nbsp;<\/li>\n\n\n\n<li>La personne s\u2019est d\u00e9j\u00e0 confi\u00e9e \u00e0 vous du fait de recevoir souvent des appels, des messages oppressants et non d\u00e9sir\u00e9s de la part d\u2019un\u00b7e des ex-partenaires;&nbsp;<\/li>\n<\/ul>\n\n\n\n<p class=\"has-text-color\" style=\"color:#651b45\"><strong>Premi\u00e8re approche :<\/strong>\u00a0<\/p>\n\n\n\n<ul class=\"wp-block-list\">\n<li>Essayez d\u2019apprivoiser la personne afin d\u2019\u00e9tablir un lien de fa\u00e7on graduelle. Par exemple, s\u2019il vous arrive de voir cette personne dans son jardin, de la croiser dans les escaliers ou lorsque que vous trouvez dans votre balcon ou au supermarch\u00e9, essayez de parler avec il\/elle\/iel en lui offrant votre \u00e9coute ou en proposant d\u2019aller boire un caf\u00e9.&nbsp;<\/li>\n<\/ul>\n\n\n\n<p class=\"has-text-color\" style=\"color:#651b45\"><strong>Rapport graduel :<\/strong><\/p>\n\n\n\n<ul class=\"wp-block-list\">\n<li>Partage quelques informations concernant votre personne, votre v\u00e9cu. Cela peut \u00eatre un caf\u00e9, une exp\u00e9rience, une pens\u00e9e, un livre, une nouvelle. Un geste d&#8217;affection et de partage dans ce genre de circonstance peut \u00eatre vraiment utile afin de faire passer le message suivant: \u201cJe suis l\u00e0 et je suis pr\u00eat\u00b7e \u00e0 vous \u00e9couter quand vous voudrez me parler\u201d&nbsp;<\/li>\n<\/ul>\n\n\n\n<p class=\"has-text-color\" style=\"color:#651b45\"><strong>Pendant la prise de contact :\u00a0<\/strong><\/p>\n\n\n\n<ul class=\"wp-block-list\">\n<li>Lorsque votre voisin\u00b7e vous parle, soyez \u00e0 l\u2019\u00e9coute et respectez son timing. Essayez de vous concentrer sur ce qu\u2019ils\/elles\/iels disent et de trouver des sujets de conversations en commun. Au lieu de poser des questions trop directes, parle d\u2019une de vos exp\u00e9riences, tout en laissant la personne partager progressivement son histoire, son v\u00e9cu, ce qu\u2019ils\/elles\/iels se sentent \u00e0 son aise, \u00e0 son propre rythme&nbsp;<\/li>\n<\/ul>\n\n\n\n<p class=\"has-text-color\" style=\"color:#651b45\"><strong>Dialogue :\u00a0<\/strong><\/p>\n\n\n\n<ul class=\"wp-block-list\">\n<li>Avoir ou se faire un avis est naturel. On vous sugg\u00e8re de ne pas l\u2019exprimer de fa\u00e7on trop p\u00e9remptoire: gardez une attitude d\u00e9tendue. On vous conseille de ne pas faire ressentir \u00e0 la personne un jugement, et respecter son rythme. Par exemple, n\u2019utilisez pas des phrases du genre \u201cJe n\u2019aurais jamais imagin\u00e9 que vous auriez pu vous retrouver dans une situation pareille\u201d ou \u201ccomment est-il possible que vous acceptiez ce genre de comportement?\u201d&nbsp;<\/li>\n\n\n\n<li>M\u00eame dans le cas o\u00f9 vos opinions divergent, essayez de garder tout de m\u00eame un dialogue ouvert et respectueux, sans vous sentir vis\u00e9\u00b7e ou attaqu\u00e9\u00b7e dans vos id\u00e9aux\/vos propres valeurs et sans pour autant imposer vos id\u00e9es \u00e0 l\u2019autre. Si jamais vous parlez de violences, vous aurez peut-\u00eatre l&#8217;impression de devoir &#8220;prot\u00e9ger&#8221; vos interlocuteur\u00b7ices en imposant votre vision, mais nous vous sugg\u00e9rons d&#8217;attendre qu&#8217;il y ait plus d&#8217;ouverture et de confiance entre vous. La personne cible de violence risque de se renfermer sur elle si vous essayez de faire des choix \u00e0 sa place. Si vous pensez avoir atteint un bon niveau de confiance, vous pouvez proposer des strat\u00e9gies ou des conseils en utilisant le pluriel &#8220;et si nous essayons de&#8230;&#8221;, &#8220;nous pouvons r\u00e9fl\u00e9chir ensemble \u00e0 la mani\u00e8re de&#8230;&#8221;, ce qui fait du conseil une sorte de &#8220;comment&#8230;&#8221;. Vous pouvez \u00e9galement proposer des strat\u00e9gies ou des conseils en utilisant le pluriel &#8220;et si nous essayions&#8230;&#8221;, &#8220;nous pouvons r\u00e9fl\u00e9chir ensemble \u00e0 la mani\u00e8re de&#8230;&#8221;, en faisant du conseil une sorte de &#8220;comment&#8230;&#8221;<\/li>\n<\/ul>\n\n\n\n<p class=\"has-text-color\" style=\"color:#651b45\"><strong>\u00c9coute :\u00a0<\/strong><\/p>\n\n\n\n<ul class=\"wp-block-list\">\n<li>Pendant que votre voisin\u00b7e te raconte quelque chose, soyez attentif aux d\u00e9tails, surtout si vous soup\u00e7onnez qu&#8217;iel se trouve dans une situation de danger pour sa s\u00e9curit\u00e9. En particulier, essayez de vous concentrer sur ses paroles et notez tout signe plus ou moins \u00e9vident de violence corporelle.&nbsp;<\/li>\n<\/ul>\n\n\n\n<p class=\"has-text-color\" style=\"color:#651b45\"><strong>\u00c9change :\u00a0<\/strong><\/p>\n\n\n\n<ul class=\"wp-block-list\">\n<li>Recherchez des moments d\u2019\u00e9change plus r\u00e9guliers au fil du temps;&nbsp;<\/li>\n\n\n\n<li>Ne laisse pas passer trop de temps avant de reparler \u00e0 cette personne, mais n&#8217;en faites pas trop et ne soyez pas trop intrusif. En cr\u00e9ant des moments r\u00e9guliers de connexion et de confrontation, l&#8217;autre personne sent que vous \u00eates l\u00e0, ce qui contribue \u00e0 cr\u00e9er un lien de confiance et un espace safe.&nbsp;<\/li>\n<\/ul>\n\n\n\n<p class=\"has-text-color\" style=\"color:#651b45\"><strong>Support :<\/strong>\u00a0<\/p>\n\n\n\n<ul class=\"wp-block-list\">\n<li>Une fois que vous avez \u00e9tabli un rapport de confiance avec la personne cible de violence, cherchez d\u2019\u00eatre toujours assez pr\u00e9sent\u00b7e et\/ou impliqu\u00e9\u00b7e lorsqu&#8217;iels te racontent leur situation sans n\u00e9cessairement exprimer ton opinion, de donner ton avis ou de tirer des conclusions trop vite.&nbsp;<\/li>\n\n\n\n<li>Exprime ta pr\u00e9occupation de mani\u00e8re directe sans pour autant rajouter du stress\/ de la peur \u00e0 la personne cible de violence. Par exemple, vous pouvez entamer la conversation en disant : &#8220;Je m&#8217;inqui\u00e8te pour toi parce que&#8230;&#8221;. Montre-lui que vous vous souciez pour elles\u00b7eux et de sa s\u00e9curit\u00e9 sans l&#8217;angoisser : lui dire qu&#8217;elle court un grand danger et exploiter les \u00e9ventualit\u00e9s les plus tragiques peut avoir pour effet de terrifier votre amie sans la convaincre de quitter son partenaire. Fais-lui comprendre que ce n&#8217;est pas de sa faute.<\/li>\n\n\n\n<li>Souvent, comme nous l&#8217;avons d\u00e9j\u00e0 mentionn\u00e9, une femme victime d&#8217;abus a tendance \u00e0 s&#8217;attribuer la responsabilit\u00e9 de ce qui lui arrive et \u00e0 justifier son partenaire. Fait-lui comprendre que rien en elle ou dans son comportement ne peut justifier la situation qu&#8217;elle vit.<\/li>\n\n\n\n<li>Aide-la\/le \u00e0 nouer des contacts. Une personne maltrait\u00e9e se sent souvent isol\u00e9e et n&#8217;a pas de soutien significatif sur lequel compter, souvent parce que son\/sa\/saon partenaire agit activement pour l&#8217;isoler de son r\u00e9seau de contacts afin d&#8217;avoir plus de contr\u00f4le sur elles\u00b7eux. Si vous savez qu&#8217;elle a des ami\u00b7es ou des personnes dont elle est proche et \u00e0 qui elle peut se confier, mais qu&#8217;elle h\u00e9site \u00e0 le faire, encouragez-la \u00e0 s&#8217;ouvrir \u00e0 eux : le fait de sentir qu&#8217;elle fait partie d&#8217;un r\u00e9seau de contacts sur lequel elle peut compter dans les moments critiques peut lui apporter un soutien pratique et psychologique.<\/li>\n<\/ul>\n\n\n\n<p class=\"has-text-color\" style=\"color:#651b45\"><strong>Ressources :<\/strong>\u00a0<\/p>\n\n\n\n<ul class=\"wp-block-list\">\n<li>Indiquez-lui des centres de lutte contre les violences ou des ressources pr\u00e9sentes sur le territoire et\/ou en ligne pour qu\u2019iels puissent mieux se renseigner.&nbsp;<\/li>\n<\/ul>\n\n\n\n<p class=\"has-text-color\" style=\"color:#651b45\"><strong>En cas d\u2019urgence :<\/strong>\u00a0<\/p>\n\n\n\n<ul class=\"wp-block-list\">\n<li>Vous pourriez vous retrouver \u00e0 entendre clairement des cris provenant de l&#8217;appartement de la personne cible de violence et de devoir intervenir dans une situation qui vous semble pr\u00e9senter un danger imm\u00e9diat. Dans ce cas, vous pouvez r\u00e9agir de plusieurs mani\u00e8res : essayer de frapper \u00e0 la porte, essayer de l&#8217;appeler sur son t\u00e9l\u00e9phone portable (si vous avez son num\u00e9ro), ou encore demander l&#8217;intervention de la police.<\/li>\n<\/ul>\n","protected":false},"excerpt":{"rendered":"<p>La responsabilit\u00e9 du proche Il n\u2019est pas rare qu\u2019en tant que proche, vous n\u2019ayez pas vu les signes de violence. Surtout qu\u2019elle est souvent progressive. De plus, le sentiment de honte que la victime a, l&#8217;emp\u00eache de demander de l\u2019aide.&nbsp; Si vous avez vu des choses qui vous assimilez \u00e0 de la violence, n\u2019h\u00e9sitez pas [&hellip;]<\/p>\n","protected":false},"author":1,"featured_media":0,"parent":60,"menu_order":2,"comment_status":"closed","ping_status":"closed","template":"","meta":{"footnotes":""},"class_list":["post-64","page","type-page","status-publish","czr-hentry"],"_links":{"self":[{"href":"https:\/\/cestdelaviolence.be\/index.php\/wp-json\/wp\/v2\/pages\/64","targetHints":{"allow":["GET"]}}],"collection":[{"href":"https:\/\/cestdelaviolence.be\/index.php\/wp-json\/wp\/v2\/pages"}],"about":[{"href":"https:\/\/cestdelaviolence.be\/index.php\/wp-json\/wp\/v2\/types\/page"}],"author":[{"embeddable":true,"href":"https:\/\/cestdelaviolence.be\/index.php\/wp-json\/wp\/v2\/users\/1"}],"replies":[{"embeddable":true,"href":"https:\/\/cestdelaviolence.be\/index.php\/wp-json\/wp\/v2\/comments?post=64"}],"version-history":[{"count":2,"href":"https:\/\/cestdelaviolence.be\/index.php\/wp-json\/wp\/v2\/pages\/64\/revisions"}],"predecessor-version":[{"id":177,"href":"https:\/\/cestdelaviolence.be\/index.php\/wp-json\/wp\/v2\/pages\/64\/revisions\/177"}],"up":[{"embeddable":true,"href":"https:\/\/cestdelaviolence.be\/index.php\/wp-json\/wp\/v2\/pages\/60"}],"wp:attachment":[{"href":"https:\/\/cestdelaviolence.be\/index.php\/wp-json\/wp\/v2\/media?parent=64"}],"curies":[{"name":"wp","href":"https:\/\/api.w.org\/{rel}","templated":true}]}}