{"id":6,"date":"2023-09-19T10:26:00","date_gmt":"2023-09-19T08:26:00","guid":{"rendered":"https:\/\/cestdelaviolence.be\/?page_id=6"},"modified":"2023-10-12T14:52:46","modified_gmt":"2023-10-12T12:52:46","slug":"jidentifie-des-dynamiques-de-violence","status":"publish","type":"page","link":"https:\/\/cestdelaviolence.be\/index.php\/je-me-pose-des-questions\/jidentifie-des-dynamiques-de-violence\/","title":{"rendered":"J&#8217;identifie des dynamiques de violence"},"content":{"rendered":"\n<p>Vous \u00eates ou \u00e9tiez en relation intime avec un\u00b7e \/ des partenaire(s) ?<\/p>\n\n\n\n<p>Vous \u00eates lesbienne, gay, bisexuel\u00b7le, transidentitaire (transgenre \/ non-binaire), queer, intersexe, aromantique\/asexuel\u00b7le ? Membre de la communaut\u00e9 LGBTQIA+ ?<\/p>\n\n\n\n<p>Vous vous posez des questions sur votre (ex) relation ?<\/p>\n\n\n\n<p>Est-ce normal ? Est-ce juste une dispute ? Sont-ce des gestes d\u2019affection ? Est-ce si grave ? Est-ce de la violence ?<\/p>\n\n\n\n<p><\/p>\n\n\n\n<p><\/p>\n\n\n\n<div class=\"os-personality-wrapper\" data-type=\"personality\" data-image-url=\"https:\/\/assets.opinionstage.com\/assets\/placeholders\/gallery\/personality.png\" data-title-url=\"Est-ce de la violence ?\" data-view-url=\"https:\/\/www.opinionstage.com\/page\/e6613c1a-1203-48ec-bcd5-2be59a6eb35a\" data-statistics-url=\"https:\/\/www.opinionstage.com\/dashboard\/personalities\/1175392\/report\" data-edit-url=\"https:\/\/www.opinionstage.com\/dashboard\/personalities\/1175392\/edit\" data-test-url=\"\/page\/e6613c1a-1203-48ec-bcd5-2be59a6eb35a\" data-lock-embed=\"true\" data-button-text=\"Change\" class=\"wp-block-opinion-stage-block-os-personality\"><div data-opinionstage-embed-url=\"https:\/\/www.opinionstage.com\/api\/v1\/widgets\/page\/e6613c1a-1203-48ec-bcd5-2be59a6eb35a\/code.json?comments=true&#038;sharing=true&#038;recommendations=false&#038;width=\" style=\"display: none; visibility: hidden;\"><\/div><span><\/span><\/div>\n\n\n\n<p class=\"has-text-color\" style=\"color:#651b45\"><strong>Les sympt\u00f4mes li\u00e9s \u00e0 des dynamiques de violence<\/strong><\/p>\n\n\n\n<p>Lorsque l\u2019on est dans une (ex) relation qui implique des dynamiques de violences, nous d\u00e9veloppons \u00e9galement des sympt\u00f4mes. Ceux-ci peuvent aussi \u00eatre un indicateur sur votre situation. Voici un ensemble de sympt\u00f4mes, cette liste n\u2019est pas exhaustive, il en existe d\u2019autres.&nbsp;<\/p>\n\n\n\n<ul class=\"wp-block-list\">\n<li>B\u00e9gayer<\/li>\n\n\n\n<li>Sursauter<\/li>\n\n\n\n<li>Tremblement<\/li>\n\n\n\n<li>Isolement<\/li>\n\n\n\n<li>Perte d\u2019envie<\/li>\n\n\n\n<li>D\u00e9pression<\/li>\n\n\n\n<li>\u00catre t\u00e9taniser<\/li>\n\n\n\n<li>\u00catre crisper<\/li>\n\n\n\n<li>Comportement compulsif (\u00e0 diff\u00e9rents niveaux)<\/li>\n\n\n\n<li>Se r\u00e9fugier dans une activit\u00e9<\/li>\n\n\n\n<li>Crainte pour l\u2019int\u00e9grit\u00e9 physique<\/li>\n\n\n\n<li>Ne pas se sentir en s\u00e9curit\u00e9<\/li>\n\n\n\n<li>Faire une activit\u00e9 de mani\u00e8re excessive (comme le sport)<\/li>\n\n\n\n<li>Culpabilit\u00e9<\/li>\n\n\n\n<li>Parano\u00efaque<\/li>\n\n\n\n<li>Perdre contact avec la r\u00e9alit\u00e9<\/li>\n\n\n\n<li>Cauchemard<\/li>\n\n\n\n<li>Perte de sa vision, de son identit\u00e9&nbsp;<\/li>\n\n\n\n<li>L\u2019\u00e9vitement (lieu ou situation)<\/li>\n\n\n\n<li>Des blessures<\/li>\n\n\n\n<li>Ressentir de la honte<\/li>\n\n\n\n<li>Remise en question de qui on est ( son OR\/OS et\/ou ID)<\/li>\n\n\n\n<li>Difficult\u00e9 de se projeter dans un futur<\/li>\n\n\n\n<li>Entendre encore la voix de l\u2019autre m\u00eame apr\u00e8s la s\u00e9paration<\/li>\n\n\n\n<li>Emprise encore pr\u00e9sente dans sa psych\u00e9 (voix dans la t\u00eate)<\/li>\n\n\n\n<li>Avoir des crises de panique<\/li>\n\n\n\n<li>Difficult\u00e9 de trouver le sommeil<\/li>\n\n\n\n<li>Perte d&#8217;app\u00e9tit<\/li>\n\n\n\n<li>D\u00e9pendance \u00e0 certaines substances<\/li>\n\n\n\n<li>Mutilation<\/li>\n\n\n\n<li>Trouble alimentaire<\/li>\n\n\n\n<li>Pens\u00e9es suicidaire&nbsp;<\/li>\n\n\n\n<li>Tentative de suicide<\/li>\n\n\n\n<li>Troubles post traumatiques: Les flashbacks sont un processus normal de gu\u00e9rison. Les bruits, les odeurs, les personnes de m\u00eame corpulence, ou autre, peuvent \u00e9galement m\u00eame apr\u00e8s s\u00e9paration peuvent cr\u00e9er des stress post traumatiques.<\/li>\n\n\n\n<li>Peur de se remettre en couple&nbsp;<\/li>\n\n\n\n<li>Peur de reproduire des sch\u00e9mas<\/li>\n\n\n\n<li>Autre.<\/li>\n<\/ul>\n\n\n\n<p>Si vous vous reconnaissez dans ces diff\u00e9rents sympt\u00f4mes, il serait int\u00e9ressant que vous fassiez le point sur votre (ex) relation. Ceux-ci peuvent \u00e9galement \u00eatre li\u00e9s \u00e0 d\u2019autres choses qui se passent dans votre vie, comme des situations de traumatismes, du stress intense, un burnout, etc.&nbsp;<\/p>\n\n\n\n<p>De plus, se remettre de la violence va prendre du temps et peut m\u00eame continuer apr\u00e8s la rupture.&nbsp;<\/p>\n\n\n\n<p>N\u2019h\u00e9site pas \u00e0 consulter nos autres pages pour mieux comprendre et savoir comment sortir de cette violence.<\/p>\n","protected":false},"excerpt":{"rendered":"<p>Vous \u00eates ou \u00e9tiez en relation intime avec un\u00b7e \/ des partenaire(s) ? Vous \u00eates lesbienne, gay, bisexuel\u00b7le, transidentitaire (transgenre \/ non-binaire), queer, intersexe, aromantique\/asexuel\u00b7le ? Membre de la communaut\u00e9 LGBTQIA+ ? Vous vous posez des questions sur votre (ex) relation ? Est-ce normal ? Est-ce juste une dispute ? Sont-ce des gestes d\u2019affection ? [&hellip;]<\/p>\n","protected":false},"author":1,"featured_media":0,"parent":30,"menu_order":1,"comment_status":"closed","ping_status":"closed","template":"","meta":{"footnotes":""},"class_list":["post-6","page","type-page","status-publish","czr-hentry"],"_links":{"self":[{"href":"https:\/\/cestdelaviolence.be\/index.php\/wp-json\/wp\/v2\/pages\/6","targetHints":{"allow":["GET"]}}],"collection":[{"href":"https:\/\/cestdelaviolence.be\/index.php\/wp-json\/wp\/v2\/pages"}],"about":[{"href":"https:\/\/cestdelaviolence.be\/index.php\/wp-json\/wp\/v2\/types\/page"}],"author":[{"embeddable":true,"href":"https:\/\/cestdelaviolence.be\/index.php\/wp-json\/wp\/v2\/users\/1"}],"replies":[{"embeddable":true,"href":"https:\/\/cestdelaviolence.be\/index.php\/wp-json\/wp\/v2\/comments?post=6"}],"version-history":[{"count":9,"href":"https:\/\/cestdelaviolence.be\/index.php\/wp-json\/wp\/v2\/pages\/6\/revisions"}],"predecessor-version":[{"id":276,"href":"https:\/\/cestdelaviolence.be\/index.php\/wp-json\/wp\/v2\/pages\/6\/revisions\/276"}],"up":[{"embeddable":true,"href":"https:\/\/cestdelaviolence.be\/index.php\/wp-json\/wp\/v2\/pages\/30"}],"wp:attachment":[{"href":"https:\/\/cestdelaviolence.be\/index.php\/wp-json\/wp\/v2\/media?parent=6"}],"curies":[{"name":"wp","href":"https:\/\/api.w.org\/{rel}","templated":true}]}}