{"id":52,"date":"2023-09-19T11:07:53","date_gmt":"2023-09-19T09:07:53","guid":{"rendered":"https:\/\/cestdelaviolence.be\/?page_id=52"},"modified":"2023-10-11T14:51:55","modified_gmt":"2023-10-11T12:51:55","slug":"les-aides-qui-existent","status":"publish","type":"page","link":"https:\/\/cestdelaviolence.be\/index.php\/je-cherche-de-laide\/les-aides-qui-existent\/","title":{"rendered":"Les aides qui existent"},"content":{"rendered":"\n<p class=\"has-text-align-center has-text-color has-background\" style=\"color:#651b45;background-color:#ffc980;font-size:25px\">Les aides financi\u00e8res<\/p>\n\n\n\n<p>Il n\u2019est pas facile de demander de l\u2019aide quand on en a besoin. On peut \u00e9prouver un sentiment de honte. Toutefois, ces aides sont pr\u00e9cieuses pour vous permettre d\u2019avancer et d\u2019envisager un avenir.<\/p>\n\n\n\n<p>Diff\u00e9rentes aides sont accessibles pour que l\u2019aspect financier ne soit pas un frein \u00e0 votre d\u00e9part.&nbsp;<\/p>\n\n\n\n<p>Ainsi le CPAS de votre commune peut vous apporter diff\u00e9rentes aides financi\u00e8res pour vous accompagner dans votre nouvelle vie&nbsp;:<\/p>\n\n\n\n<ul class=\"wp-block-list\">\n<li>Le RIS (Revenu d\u2019Int\u00e9gration Sociale) est un droit allou\u00e9 mensuellement qui sera \u00e9valu\u00e9 en fonction de crit\u00e8res l\u00e9gaux pr\u00e9cis qui permet de garantir des revenus minimums \u00e0 chaque b\u00e9n\u00e9ficiaire.<\/li>\n\n\n\n<li>L\u2019avance d\u2019une garantie locative.<\/li>\n\n\n\n<li>Le paiement de votre mutuelle.<\/li>\n\n\n\n<li>Une intervention dans vos frais d\u2019\u00e9nergie.<\/li>\n<\/ul>\n\n\n\n<p>L\u2019aide sociale du CPAS ne se limite pas \u00e0 une aide financi\u00e8re. D\u2019autres aides, d\u00e9pendant uniquement de votre \u00e9tat de besoin, peuvent vous \u00eatre accord\u00e9es comme&nbsp;:<\/p>\n\n\n\n<ul class=\"wp-block-list\">\n<li>Une carte m\u00e9dicale qui vous octroie la gratuit\u00e9 de vos frais m\u00e9dicaux et pharmaceutiques chez les m\u00e9decins et les pharmaciens agr\u00e9\u00e9s par le CPAS.<\/li>\n\n\n\n<li>Une aide en nature&nbsp;: repas, colis alimentaire, v\u00eatements\u2026<\/li>\n\n\n\n<li>Une assistance administrative.<\/li>\n\n\n\n<li>Une guidance budg\u00e9taire.<\/li>\n\n\n\n<li>Recherche d\u2019emploi.<\/li>\n\n\n\n<li>\u2026<\/li>\n<\/ul>\n\n\n\n<p>De nombreuses associations sont \u00e9galement \u00e0 vos c\u00f4t\u00e9s pour vous fournir une aide mat\u00e9rielle et\/ou alimentaire.&nbsp;<\/p>\n\n\n\n<ul class=\"wp-block-list\">\n<li>Croix-Rouge&nbsp;(vestiboutiques, aide alimentaire)<\/li>\n\n\n\n<li>Les Petits Riens (v\u00eatements, mobiliers\u2026)<\/li>\n\n\n\n<li>Les Restos du C\u0153ur (repas)<\/li>\n\n\n\n<li>Oxfam (v\u00eatements)<\/li>\n\n\n\n<li>&#8230; <\/li>\n<\/ul>\n\n\n\n<p class=\"has-text-align-center has-text-color has-background\" style=\"color:#651b45;background-color:#ffc980;font-size:25px\">Les aides psychologiques<\/p>\n\n\n\n<p>Chaque commune dispose d\u2019un service de sant\u00e9 mentale pouvant vous recevoir en fonction de la place disponible. Comme il n\u2019y a pas de liste d\u2019attente, ils vous aideront \u00e0 trouver une solution adapt\u00e9e s\u2019ils ne peuvent pas vous recevoir dans les meilleurs d\u00e9lais. Le tarif est adapt\u00e9 \u00e0 vos moyens financiers (voire gratuits) afin qu\u2019il n\u2019y ait pas de frein \u00e0 votre prise en charge.<\/p>\n\n\n\n<p>Les soins psychologiques de premi\u00e8re ligne&nbsp;sont des interventions psychologiques de courte dur\u00e9e (8 s\u00e9ances) qui vous sont accessibles directement au tarif de 11 \u20ac ou 4\u20ac si vous b\u00e9n\u00e9ficiez de l\u2019intervention major\u00e9e. Ces s\u00e9ances contribuent \u00e0 maintenir ou \u00e0 retrouver un bien-\u00eatre psychique g\u00e9n\u00e9ral.&nbsp;<\/p>\n\n\n\n<p>Les soins psychologiques sp\u00e9cialis\u00e9s vous sont accessibles apr\u00e8s un bilan fonctionnel que votre psychologue du r\u00e9seau \u00e9tablira lors de la premi\u00e8re s\u00e9ance.<\/p>\n\n\n\n<p>Les centres de planning familial proposent \u00e9galement des consultations psychologiques.<\/p>\n\n\n\n<p>De nombreuses lignes d\u2019\u00e9coute sont \u00e9galement \u00e0 votre disposition si vous ressentez le besoin de parler dans l\u2019anonymat.<\/p>\n\n\n\n<div class=\"wp-block-group has-background\" style=\"background-color:#ffc980\"><div class=\"wp-block-group__inner-container is-layout-constrained wp-block-group-is-layout-constrained\">\n<p class=\"has-text-color\" style=\"color:#651b45\">\u00a0<strong>N\u00b0 d&#8217;urgence sociale 1718<\/strong><\/p>\n\n\n\n<p>Le n\u00b0 d&#8217;urgence sociale <strong>1718<\/strong> r\u00e9pond \u00e0 des questions relatives aux aides existantes en mati\u00e8re d&#8217;alimentation, de cr\u00e9dit, de logement, de situation professionnelle ou de ch\u00f4mage. Ils se font \u00e9galement le relais entre une personne en difficult\u00e9 et l&#8217;interlocuteur ad\u00e9quat pour l&#8217;aider (aides psychologiques, aides aux assu\u00e9tudes, d\u00e9tresses familiales, etc.).<\/p>\n<\/div><\/div>\n\n\n\n<div class=\"wp-block-group has-background\" style=\"background-color:#ffc980\"><div class=\"wp-block-group__inner-container is-layout-constrained wp-block-group-is-layout-constrained\">\n<p class=\"has-text-color\" style=\"color:#651b45\"><strong>N\u00b0 107: T\u00e9l\u00e9 Accueil<\/strong><\/p>\n\n\n\n<p>Quand vous composez le <strong>107<\/strong>, vous \u00eates accueilli et \u00e9cout\u00e9 par une personne qui vous propose un espace de paroles et vous accompagne le temps de l\u2019appel.\u00a0 Cette rencontre anonyme de personne \u00e0 personne est confidentielle et ponctuelle.Les b\u00e9n\u00e9voles de T\u00e9l\u00e9-Accueil sont \u00e0 l\u2019\u00e9coute de toute personne qui ressent le besoin ou l\u2019envie de parler, quelles que soient ses pr\u00e9occupations. En appelant T\u00e9l\u00e9-Accueil, vous pouvez librement exprimer votre v\u00e9cu, parler de vous-m\u00eame, tel que vous \u00eates, et clarifier vos \u00e9motions. Vous \u00eates accueilli, reconnu et respect\u00e9 en toute bienveillance.<\/p>\n<\/div><\/div>\n\n\n\n<p>Chat \u00e9galement disponible<\/p>\n\n\n\n<ul class=\"wp-block-list\">\n<li>0800\/30.0.30 Ligne d\u2019\u00e9coute violence conjugale 24h\/24, 7j\/7 gratuit et anonyme<\/li>\n\n\n\n<li>0800 35 243: Num\u00e9ro d\u2019aide de la R\u00e9gion bruxelloise: Toute personne r\u00e9sidant en R\u00e9gion bruxelloise et ayant besoin d&#8217;une aide sociale ou ayant des questions \u00e0 ce sujet (alimentation, logement, dettes, ch\u00f4mage, situation professionnelle ou familiale, isolement\u2026) peut appeler le num\u00e9ro gratuit du lundi au vendredi de 9h \u00e0 17h.<\/li>\n<\/ul>\n\n\n\n<ul class=\"wp-block-list\">\n<li>Voir avec la mutuelle, il existe la possibilit\u00e9 de remboursement d\u2019un certain nombre de s\u00e9ances.\n<ul class=\"wp-block-list\">\n<li>Partenamut: Ligne d\u2019\u00e9coute et de soutien. Jusqu\u2019\u00e0 5 appels\/an avec un psychologue poss\u00e9dant une exp\u00e9rience de plus de 5 ans\u2026<\/li>\n\n\n\n<li>Via le num\u00e9ro gratuit 0800 88 080, du lundi au vendredi, de 8h00 \u00e0 20h00<\/li>\n\n\n\n<li>Ou par appel vid\u00e9o (\u00e0 convenir apr\u00e8s le premier appel t\u00e9l\u00e9phonique)<\/li>\n<\/ul>\n<\/li>\n<\/ul>\n\n\n\n<p><\/p>\n","protected":false},"excerpt":{"rendered":"<p>Les aides financi\u00e8res Il n\u2019est pas facile de demander de l\u2019aide quand on en a besoin. On peut \u00e9prouver un sentiment de honte. Toutefois, ces aides sont pr\u00e9cieuses pour vous permettre d\u2019avancer et d\u2019envisager un avenir. Diff\u00e9rentes aides sont accessibles pour que l\u2019aspect financier ne soit pas un frein \u00e0 votre d\u00e9part.&nbsp; Ainsi le CPAS [&hellip;]<\/p>\n","protected":false},"author":1,"featured_media":0,"parent":42,"menu_order":4,"comment_status":"closed","ping_status":"closed","template":"","meta":{"footnotes":""},"class_list":["post-52","page","type-page","status-publish","czr-hentry"],"_links":{"self":[{"href":"https:\/\/cestdelaviolence.be\/index.php\/wp-json\/wp\/v2\/pages\/52","targetHints":{"allow":["GET"]}}],"collection":[{"href":"https:\/\/cestdelaviolence.be\/index.php\/wp-json\/wp\/v2\/pages"}],"about":[{"href":"https:\/\/cestdelaviolence.be\/index.php\/wp-json\/wp\/v2\/types\/page"}],"author":[{"embeddable":true,"href":"https:\/\/cestdelaviolence.be\/index.php\/wp-json\/wp\/v2\/users\/1"}],"replies":[{"embeddable":true,"href":"https:\/\/cestdelaviolence.be\/index.php\/wp-json\/wp\/v2\/comments?post=52"}],"version-history":[{"count":2,"href":"https:\/\/cestdelaviolence.be\/index.php\/wp-json\/wp\/v2\/pages\/52\/revisions"}],"predecessor-version":[{"id":175,"href":"https:\/\/cestdelaviolence.be\/index.php\/wp-json\/wp\/v2\/pages\/52\/revisions\/175"}],"up":[{"embeddable":true,"href":"https:\/\/cestdelaviolence.be\/index.php\/wp-json\/wp\/v2\/pages\/42"}],"wp:attachment":[{"href":"https:\/\/cestdelaviolence.be\/index.php\/wp-json\/wp\/v2\/media?parent=52"}],"curies":[{"name":"wp","href":"https:\/\/api.w.org\/{rel}","templated":true}]}}