{"id":44,"date":"2023-09-19T11:03:03","date_gmt":"2023-09-19T09:03:03","guid":{"rendered":"https:\/\/cestdelaviolence.be\/?page_id=44"},"modified":"2023-10-12T11:29:14","modified_gmt":"2023-10-12T09:29:14","slug":"que-faire","status":"publish","type":"page","link":"https:\/\/cestdelaviolence.be\/index.php\/je-cherche-de-laide\/que-faire\/","title":{"rendered":"Que faire ?"},"content":{"rendered":"\n<p>Pour porter plainte, vous pouvez simplement vous rendre au commissariat de votre quartier. Si vous vous sentez en ins\u00e9curit\u00e9 face \u00e0 la police, n\u2019h\u00e9sitez pas \u00e0 contacter les services d\u2019assistance polici\u00e8re aux victimes.<\/p>\n\n\n\n<p><strong>Service d\u2019assistance polici\u00e8re aux victimes (SAPV)<\/strong><\/p>\n\n\n\n<p>Conseil et aide dans les d\u00e9marches diverses. Secret professionnel assur\u00e9. Du lundi au vendredi de 8h \u00e0 16h.<\/p>\n\n\n\n<p>&#8211; &nbsp; &nbsp; &nbsp; Rue du March\u00e9 au Charbon 30 \u00e0 1000 Bruxelles. 02\/2797737(36) 02\/2798828<\/p>\n\n\n\n<p>&#8211; &nbsp; &nbsp; &nbsp; Rue du Coll\u00e8ge 1 \u00e0 1050 Bruxelles. 02\/2798433(32)<\/p>\n\n\n\n<p>Vous pouvez \u00e9galement pr\u00e9parer votre d\u00e9position avec l\u2019aide d\u2019un\u00b7e professionnel\u00b7le que ce soit un m\u00e9decin, un psychologue, un\u00b7e assistant\u00b7e social\u00b7e ou \u00e9galement le CPVCF.<\/p>\n\n\n\n<p><strong>CPVCF:<\/strong> Centres de pr\u00e9vention des violences conjugales et familiales : 02\/539.24.44. Accessibles de 9h \u00e0 17h en semaine et de 10h \u00e0 17h le week-end. Mail : <a>info@cpvcf.org<\/a>.<\/p>\n\n\n\n<p>Ces \u00e9quipes ont l\u2019habitude de trouver des solutions afin de vous venir en aide.<\/p>\n\n\n\n<p>Il est \u00e9galement important dans ces moments l\u00e0 de ne pas rester seul\u00b7e et de s\u2019entourer de personne vous voulant du bien.<\/p>\n","protected":false},"excerpt":{"rendered":"<p>Pour porter plainte, vous pouvez simplement vous rendre au commissariat de votre quartier. Si vous vous sentez en ins\u00e9curit\u00e9 face \u00e0 la police, n\u2019h\u00e9sitez pas \u00e0 contacter les services d\u2019assistance polici\u00e8re aux victimes. Service d\u2019assistance polici\u00e8re aux victimes (SAPV) Conseil et aide dans les d\u00e9marches diverses. Secret professionnel assur\u00e9. Du lundi au vendredi de 8h [&hellip;]<\/p>\n","protected":false},"author":1,"featured_media":0,"parent":42,"menu_order":1,"comment_status":"closed","ping_status":"closed","template":"","meta":{"footnotes":""},"class_list":["post-44","page","type-page","status-publish","czr-hentry"],"_links":{"self":[{"href":"https:\/\/cestdelaviolence.be\/index.php\/wp-json\/wp\/v2\/pages\/44","targetHints":{"allow":["GET"]}}],"collection":[{"href":"https:\/\/cestdelaviolence.be\/index.php\/wp-json\/wp\/v2\/pages"}],"about":[{"href":"https:\/\/cestdelaviolence.be\/index.php\/wp-json\/wp\/v2\/types\/page"}],"author":[{"embeddable":true,"href":"https:\/\/cestdelaviolence.be\/index.php\/wp-json\/wp\/v2\/users\/1"}],"replies":[{"embeddable":true,"href":"https:\/\/cestdelaviolence.be\/index.php\/wp-json\/wp\/v2\/comments?post=44"}],"version-history":[{"count":3,"href":"https:\/\/cestdelaviolence.be\/index.php\/wp-json\/wp\/v2\/pages\/44\/revisions"}],"predecessor-version":[{"id":217,"href":"https:\/\/cestdelaviolence.be\/index.php\/wp-json\/wp\/v2\/pages\/44\/revisions\/217"}],"up":[{"embeddable":true,"href":"https:\/\/cestdelaviolence.be\/index.php\/wp-json\/wp\/v2\/pages\/42"}],"wp:attachment":[{"href":"https:\/\/cestdelaviolence.be\/index.php\/wp-json\/wp\/v2\/media?parent=44"}],"curies":[{"name":"wp","href":"https:\/\/api.w.org\/{rel}","templated":true}]}}