{"id":263,"date":"2023-10-12T13:45:05","date_gmt":"2023-10-12T11:45:05","guid":{"rendered":"https:\/\/cestdelaviolence.be\/?page_id=263"},"modified":"2023-10-12T13:45:06","modified_gmt":"2023-10-12T11:45:06","slug":"temoignages","status":"publish","type":"page","link":"https:\/\/cestdelaviolence.be\/index.php\/je-me-pose-des-questions\/temoignages\/","title":{"rendered":"T\u00e9moignages"},"content":{"rendered":"\n<p>Entendre des t\u00e9moignages peut aider \u00e0 se sentir moins seul\u00b7e.<\/p>\n\n\n\n<p>Voici quatre t\u00e9moignages r\u00e9alis\u00e9s par ArtFusion concernant des personnes LGBTQIA+ ayant subi des violences avec leur partenaire.<\/p>\n\n\n\n<figure class=\"wp-block-embed is-type-video is-provider-youtube wp-block-embed-youtube wp-embed-aspect-16-9 wp-has-aspect-ratio\"><div class=\"wp-block-embed__wrapper\">\n<iframe loading=\"lazy\" title=\"TEMOIGNAGES 1 - RAPHA\u00cbL\" width=\"1140\" height=\"641\" src=\"https:\/\/www.youtube.com\/embed\/uL7aQKajWdw?start=5&#038;feature=oembed\" frameborder=\"0\" allow=\"accelerometer; autoplay; clipboard-write; encrypted-media; gyroscope; picture-in-picture; web-share\" allowfullscreen><\/iframe>\n<\/div><\/figure>\n\n\n\n<figure class=\"wp-block-embed is-type-video is-provider-youtube wp-block-embed-youtube wp-embed-aspect-16-9 wp-has-aspect-ratio\"><div class=\"wp-block-embed__wrapper\">\n<iframe loading=\"lazy\" title=\"TEMOIGNAGES 2 - ARIANNA\" width=\"1140\" height=\"641\" src=\"https:\/\/www.youtube.com\/embed\/qRJZFbl62so?feature=oembed\" frameborder=\"0\" allow=\"accelerometer; autoplay; clipboard-write; encrypted-media; gyroscope; picture-in-picture; web-share\" allowfullscreen><\/iframe>\n<\/div><\/figure>\n\n\n\n<figure class=\"wp-block-embed is-type-video is-provider-youtube wp-block-embed-youtube wp-embed-aspect-16-9 wp-has-aspect-ratio\"><div class=\"wp-block-embed__wrapper\">\n<iframe loading=\"lazy\" title=\"TEMOIGNAGES 3  - RACHAEL\" width=\"1140\" height=\"641\" src=\"https:\/\/www.youtube.com\/embed\/0fO5OZYGF80?feature=oembed\" frameborder=\"0\" allow=\"accelerometer; autoplay; clipboard-write; encrypted-media; gyroscope; picture-in-picture; web-share\" allowfullscreen><\/iframe>\n<\/div><\/figure>\n\n\n\n<figure class=\"wp-block-embed is-type-video is-provider-youtube wp-block-embed-youtube wp-embed-aspect-16-9 wp-has-aspect-ratio\"><div class=\"wp-block-embed__wrapper\">\n<iframe loading=\"lazy\" title=\"TEMOIGNAGES 4 - APOSTOLOS\" width=\"1140\" height=\"641\" src=\"https:\/\/www.youtube.com\/embed\/8ari2M1mnJ0?feature=oembed\" frameborder=\"0\" allow=\"accelerometer; autoplay; clipboard-write; encrypted-media; gyroscope; picture-in-picture; web-share\" allowfullscreen><\/iframe>\n<\/div><\/figure>\n\n\n\n<p>Vous pouvez retrouver l\u2019int\u00e9gralit\u00e9 sur le site : <a href=\"https:\/\/www.lamournedoitjamaisfairemal.com\/\">https:\/\/www.lamournedoitjamaisfairemal.com\/<\/a>&nbsp;<\/p>\n","protected":false},"excerpt":{"rendered":"<p>Entendre des t\u00e9moignages peut aider \u00e0 se sentir moins seul\u00b7e. Voici quatre t\u00e9moignages r\u00e9alis\u00e9s par ArtFusion concernant des personnes LGBTQIA+ ayant subi des violences avec leur partenaire. Vous pouvez retrouver l\u2019int\u00e9gralit\u00e9 sur le site : https:\/\/www.lamournedoitjamaisfairemal.com\/&nbsp;<\/p>\n","protected":false},"author":1,"featured_media":0,"parent":30,"menu_order":8,"comment_status":"closed","ping_status":"closed","template":"","meta":{"footnotes":""},"class_list":["post-263","page","type-page","status-publish","czr-hentry"],"_links":{"self":[{"href":"https:\/\/cestdelaviolence.be\/index.php\/wp-json\/wp\/v2\/pages\/263","targetHints":{"allow":["GET"]}}],"collection":[{"href":"https:\/\/cestdelaviolence.be\/index.php\/wp-json\/wp\/v2\/pages"}],"about":[{"href":"https:\/\/cestdelaviolence.be\/index.php\/wp-json\/wp\/v2\/types\/page"}],"author":[{"embeddable":true,"href":"https:\/\/cestdelaviolence.be\/index.php\/wp-json\/wp\/v2\/users\/1"}],"replies":[{"embeddable":true,"href":"https:\/\/cestdelaviolence.be\/index.php\/wp-json\/wp\/v2\/comments?post=263"}],"version-history":[{"count":1,"href":"https:\/\/cestdelaviolence.be\/index.php\/wp-json\/wp\/v2\/pages\/263\/revisions"}],"predecessor-version":[{"id":264,"href":"https:\/\/cestdelaviolence.be\/index.php\/wp-json\/wp\/v2\/pages\/263\/revisions\/264"}],"up":[{"embeddable":true,"href":"https:\/\/cestdelaviolence.be\/index.php\/wp-json\/wp\/v2\/pages\/30"}],"wp:attachment":[{"href":"https:\/\/cestdelaviolence.be\/index.php\/wp-json\/wp\/v2\/media?parent=263"}],"curies":[{"name":"wp","href":"https:\/\/api.w.org\/{rel}","templated":true}]}}