{"id":18,"date":"2023-09-19T10:27:46","date_gmt":"2023-09-19T08:27:46","guid":{"rendered":"https:\/\/cestdelaviolence.be\/?page_id=18"},"modified":"2023-10-12T13:18:25","modified_gmt":"2023-10-12T11:18:25","slug":"les-victimes-collaterales","status":"publish","type":"page","link":"https:\/\/cestdelaviolence.be\/index.php\/je-me-pose-des-questions\/les-victimes-collaterales\/","title":{"rendered":"Les victimes collat\u00e9rales"},"content":{"rendered":"\n<p>Lorsque nous pensons aux situations de violence dans les relations intimes, l\u2019imaginaire collectif ainsi que la narration autour de ce ph\u00e9nom\u00e8ne nous m\u00e8nent souvent \u00e0 penser les faits de mani\u00e8re assez binaire. D\u2019un c\u00f4t\u00e9, nous retrouvons l\u2019aggresseur\u00b7e, aussi nomm\u00e9 \u201cle bourreau\u201d ; de l\u2019autre c\u00f4t\u00e9, nous avons les personnes qui subissent les violences autrement dit les \u201cvictime\/ survivantes\/ personnes cibles\u201d. Cependant, il existe toute une s\u00e9rie de personnes qui font partie de l\u2019entourage (proche et pas seulement) de la personne qui subit les violences sur lesquelles ces violences peuvent \u00e9galement avoir des r\u00e9percussions \/ un impact : les victimes collat\u00e9rales.&nbsp;<\/p>\n\n\n\n<p>Parmi ces victimes, on retrouve davantage les membres de la famille de la personne cible, les enfants, les ami\u00b7es, les animaux de compagnies, les coll\u00e8gues ou encore les voisin\u00b7es.&nbsp;<\/p>\n\n\n\n<p>Prendre conscience que la violence ne touche pas qu\u2019une personne seule et isol\u00e9e mais un groupe de personnes gravitant autour de la personne touch\u00e9e, peut \u00e9galement \u00eatre un \u00e9l\u00e9ment donnant du courage pour sortir de cette relation.<br>Si vous \u00eates un proche, n\u2019h\u00e9sitez pas \u00e0 consulter la page le <strong><a href=\"https:\/\/cestdelaviolence.be\/index.php\/je-cherche-des-informations\/je-suis-un-proche\/\">guide des proches<\/a><\/strong>. Certains conseils pourront vous aider \u00e0 venir en aide \u00e0 une personne.<\/p>\n","protected":false},"excerpt":{"rendered":"<p>Lorsque nous pensons aux situations de violence dans les relations intimes, l\u2019imaginaire collectif ainsi que la narration autour de ce ph\u00e9nom\u00e8ne nous m\u00e8nent souvent \u00e0 penser les faits de mani\u00e8re assez binaire. D\u2019un c\u00f4t\u00e9, nous retrouvons l\u2019aggresseur\u00b7e, aussi nomm\u00e9 \u201cle bourreau\u201d ; de l\u2019autre c\u00f4t\u00e9, nous avons les personnes qui subissent les violences autrement dit [&hellip;]<\/p>\n","protected":false},"author":1,"featured_media":0,"parent":30,"menu_order":7,"comment_status":"closed","ping_status":"closed","template":"","meta":{"footnotes":""},"class_list":["post-18","page","type-page","status-publish","czr-hentry"],"_links":{"self":[{"href":"https:\/\/cestdelaviolence.be\/index.php\/wp-json\/wp\/v2\/pages\/18","targetHints":{"allow":["GET"]}}],"collection":[{"href":"https:\/\/cestdelaviolence.be\/index.php\/wp-json\/wp\/v2\/pages"}],"about":[{"href":"https:\/\/cestdelaviolence.be\/index.php\/wp-json\/wp\/v2\/types\/page"}],"author":[{"embeddable":true,"href":"https:\/\/cestdelaviolence.be\/index.php\/wp-json\/wp\/v2\/users\/1"}],"replies":[{"embeddable":true,"href":"https:\/\/cestdelaviolence.be\/index.php\/wp-json\/wp\/v2\/comments?post=18"}],"version-history":[{"count":3,"href":"https:\/\/cestdelaviolence.be\/index.php\/wp-json\/wp\/v2\/pages\/18\/revisions"}],"predecessor-version":[{"id":243,"href":"https:\/\/cestdelaviolence.be\/index.php\/wp-json\/wp\/v2\/pages\/18\/revisions\/243"}],"up":[{"embeddable":true,"href":"https:\/\/cestdelaviolence.be\/index.php\/wp-json\/wp\/v2\/pages\/30"}],"wp:attachment":[{"href":"https:\/\/cestdelaviolence.be\/index.php\/wp-json\/wp\/v2\/media?parent=18"}],"curies":[{"name":"wp","href":"https:\/\/api.w.org\/{rel}","templated":true}]}}