{"id":16,"date":"2023-09-19T10:27:29","date_gmt":"2023-09-19T08:27:29","guid":{"rendered":"https:\/\/cestdelaviolence.be\/?page_id=16"},"modified":"2023-10-12T13:17:12","modified_gmt":"2023-10-12T11:17:12","slug":"les-consequences-de-la-violence","status":"publish","type":"page","link":"https:\/\/cestdelaviolence.be\/index.php\/je-me-pose-des-questions\/les-consequences-de-la-violence\/","title":{"rendered":"Les cons\u00e9quences de la violence"},"content":{"rendered":"\n<p>Les diff\u00e9rentes formes de violences qui peuvent exister au sein des relations intimes LGBTQIA+ peuvent avoir des cons\u00e9quences importantes sur celles\u00b7eux qui les subissent.\u00a0<\/p>\n\n\n\n<p>Tout d\u2019abord, il peut y avoir des r\u00e9percussions sur la sant\u00e9 physique des personnes ayant subi ces violences telles que le d\u00e9veloppement ou l\u2019accentuation de pathologies de diff\u00e9rents probl\u00e8mes de sant\u00e9 physique, tels que des probl\u00e8mes de sommeil (ex: insomnies, cauchemars, sommeil d\u00e9rang\u00e9), des probl\u00e8mes cutan\u00e9s (ex: psoriasis, taches sur le corps, maladies de la peau d\u00e9velopp\u00e9es par le stress), des probl\u00e8mes dans la sph\u00e8re alimentaire (ex: perte d\u2019app\u00e9tit); des blessures (ex: ecchymoses, griffures, morsures, traces sur le corps). Le fait d\u2019avoir craint pour son int\u00e9grit\u00e9 physique (ex: avoir eu peur pour soi, pour sa vie ou la vie d\u2019un proche y compris la peur de se suicider en raison des violences subies); ou encore la crainte ou la peur d\u2019une transmission de VIH\/ITS.&nbsp;<\/p>\n\n\n\n<p>Les cons\u00e9quences peuvent \u00e9galement avoir des r\u00e9percussions sur la sant\u00e9 mentale de la personne ayant subi les violences, telles que le d\u00e9veloppement ou l\u2019accentuation d\u2019une pathologie ou un probl\u00e8me de sant\u00e9 mentale diagnostiqu\u00e9 ou non (perte de m\u00e9moire, de motivation, stress et anxi\u00e9t\u00e9, crises d\u2019angoisses, traumatismes, d\u00e9veloppement d\u2019un trouble alimentaire, comportements autodestructeurs, hypervigilance, syndrome du stress post-traumatique, sid\u00e9ration); le fait de d\u00e9velopper des \u00e9motions difficiles ou d\u00e9sagr\u00e9ables \u00e0 la suite des violences subies (col\u00e8re, perte de confiance en soi, remise en question ou culpabilit\u00e9 inadapt\u00e9e). Une des cons\u00e9quences majeures des violences psychologiques et notamment de la manipulation peut \u00eatre l\u2019alt\u00e9ration de soi, c\u2019est-\u00e0-dire le fait de voir que certains aspects de la personnalit\u00e9 de la personne ayant subi les violences ont \u00e9t\u00e9 alt\u00e9r\u00e9s, se sont modifi\u00e9s (ex: valeurs, perceptions, types de comportements, ne plus se reconna\u00eetre, difficult\u00e9 \u00e0 prendre des d\u00e9cisions pour prendre soin de soi, m\u00e9fiance).&nbsp;<\/p>\n\n\n\n<p>Les cons\u00e9quences des violences subies peuvent avoir tant\u00f4t un impact sur la personne et sa relation (cons\u00e9quences sur la vie intime et amoureuse, d\u00e9pendance du\/de la partenaire, d\u00e9sengagement ou sentiment d\u2019ambivalence par rapport au\/\u00e0 la partenaire, s\u00e9paration du\/de la partenaire, difficult\u00e9s dans des relations intimes futures; difficult\u00e9s sexuelles); tant\u00f4t sur sa vie priv\u00e9e et son entourage: cons\u00e9quences en termes de vie sociale ou professionnelle (perte et limitation des contacts sociaux, conflits ou tensions avec l&#8217;entourage, difficult\u00e9s li\u00e9es au travail).\u00a0 N\u2019h\u00e9sitez pas \u00e0 regarder la page concernant les <strong><a href=\"https:\/\/cestdelaviolence.be\/index.php\/je-me-pose-des-questions\/jidentifie-des-dynamiques-de-violence\/\">sympt\u00f4mes<\/a><\/strong>.<\/p>\n\n\n\n<p>Enfin, il existe toute une s\u00e9rie de cons\u00e9quences suppl\u00e9mentaires li\u00e9es \u00e0 l\u2019orientation sexuelle et\/ou l\u2019identit\u00e9 de genre (OS\/IG) de la personne cible des violences. Elle peut d\u00e9velopper une fragilit\u00e9 li\u00e9e \u00e0 son OS\/IG; dissimulation de son OS\/IG; alt\u00e9ration des possibilit\u00e9s de socialisation communautaires (ex: exclusion ou limitation \u00e0 acc\u00e9der \u00e0 certains milieux LGBTQIA+), h\u00e9t\u00e9ronormativit\u00e9, h\u00e9t\u00e9rosexisme et LGBTQIA+phobie (souvents int\u00e9rioris\u00e9s).&nbsp;<\/p>\n\n\n\n<blockquote class=\"wp-block-quote has-background is-layout-flow wp-block-quote-is-layout-flow\" style=\"background-color:#ffc980\">\n<p><strong>\u201cJe tremblais juste \u00e0 l\u2019id\u00e9e que j\u2019avais oubli\u00e9 quelque chose\u2026.\u201d<\/strong> <\/p>\n<cite>T\u00e9moignage<\/cite><\/blockquote>\n","protected":false},"excerpt":{"rendered":"<p>Les diff\u00e9rentes formes de violences qui peuvent exister au sein des relations intimes LGBTQIA+ peuvent avoir des cons\u00e9quences importantes sur celles\u00b7eux qui les subissent.\u00a0 Tout d\u2019abord, il peut y avoir des r\u00e9percussions sur la sant\u00e9 physique des personnes ayant subi ces violences telles que le d\u00e9veloppement ou l\u2019accentuation de pathologies de diff\u00e9rents probl\u00e8mes de sant\u00e9 [&hellip;]<\/p>\n","protected":false},"author":1,"featured_media":0,"parent":30,"menu_order":6,"comment_status":"closed","ping_status":"closed","template":"","meta":{"footnotes":""},"class_list":["post-16","page","type-page","status-publish","czr-hentry"],"_links":{"self":[{"href":"https:\/\/cestdelaviolence.be\/index.php\/wp-json\/wp\/v2\/pages\/16","targetHints":{"allow":["GET"]}}],"collection":[{"href":"https:\/\/cestdelaviolence.be\/index.php\/wp-json\/wp\/v2\/pages"}],"about":[{"href":"https:\/\/cestdelaviolence.be\/index.php\/wp-json\/wp\/v2\/types\/page"}],"author":[{"embeddable":true,"href":"https:\/\/cestdelaviolence.be\/index.php\/wp-json\/wp\/v2\/users\/1"}],"replies":[{"embeddable":true,"href":"https:\/\/cestdelaviolence.be\/index.php\/wp-json\/wp\/v2\/comments?post=16"}],"version-history":[{"count":5,"href":"https:\/\/cestdelaviolence.be\/index.php\/wp-json\/wp\/v2\/pages\/16\/revisions"}],"predecessor-version":[{"id":242,"href":"https:\/\/cestdelaviolence.be\/index.php\/wp-json\/wp\/v2\/pages\/16\/revisions\/242"}],"up":[{"embeddable":true,"href":"https:\/\/cestdelaviolence.be\/index.php\/wp-json\/wp\/v2\/pages\/30"}],"wp:attachment":[{"href":"https:\/\/cestdelaviolence.be\/index.php\/wp-json\/wp\/v2\/media?parent=16"}],"curies":[{"name":"wp","href":"https:\/\/api.w.org\/{rel}","templated":true}]}}