{"id":144,"date":"2023-10-11T13:25:18","date_gmt":"2023-10-11T11:25:18","guid":{"rendered":"https:\/\/cestdelaviolence.be\/?page_id=144"},"modified":"2023-10-11T13:25:19","modified_gmt":"2023-10-11T11:25:19","slug":"les-mythes-de-la-violence","status":"publish","type":"page","link":"https:\/\/cestdelaviolence.be\/index.php\/je-me-pose-des-questions\/les-mythes-de-la-violence\/","title":{"rendered":"Les mythes de la violence"},"content":{"rendered":"\n<p>Vous avez s\u00fbrement d\u00e9j\u00e0 entendu des phrases st\u00e9r\u00e9otyp\u00e9es sur la violence comme:<\/p>\n\n\n\n<ul class=\"wp-block-list\">\n<li>Une f\u00e9ministe ne peut pas \u00eatre victime.<\/li>\n\n\n\n<li>Quand on est \u00e9duqu\u00e9 on ne peut pas \u00eatre violent.<\/li>\n\n\n\n<li>C\u2019est un probl\u00e8me priv\u00e9\/On ne se m\u00eale pas des affaires de couple des autres.<\/li>\n\n\n\n<li>La personne qui subit a d\u00fb faire quelque chose pour que \u00e7a arrive\/Il n\u2019y a pas de fum\u00e9e sans feu.<\/li>\n\n\n\n<li>Il y a toujours deux personnes dans une dispute\/Les torts sont partag\u00e9s.<\/li>\n\n\n\n<li>Tu n\u2019es pas compl\u00e8tement innocent\/Il ne faut pas mettre toute la faute sur l\u2019autre.<\/li>\n\n\n\n<li>Il faut arr\u00eater de dire du mal des autres, \u00e7a va ternir sa r\u00e9putation ;&nbsp;<\/li>\n\n\n\n<li>Si tu parles, tu vas d\u00e9shonorer la famille et la communaut\u00e9.<\/li>\n\n\n\n<li>Tous les \u201ccouples\u201d se disputent.<\/li>\n\n\n\n<li>Les hommes ne peuvent pas \u00eatre victimes. \u00c7a ne concerne que les femmes.<\/li>\n\n\n\n<li>Il suffit de se d\u00e9fendre et de partir puis c\u2019est r\u00e9gl\u00e9.<\/li>\n\n\n\n<li>Si on reste dans ce genre de relation c\u2019est qu\u2019on aime \u00e7a.<\/li>\n\n\n\n<li>La violence ne concerne que les milieux d\u00e9favoris\u00e9s.<\/li>\n\n\n\n<li>Etc.<\/li>\n<\/ul>\n\n\n\n<p>Sachez que ce sont des st\u00e9r\u00e9otypes, des mythes. On vous propose de faire le point sur ce qui est vrai et ce qui ne l\u2019est pas.<\/p>\n","protected":false},"excerpt":{"rendered":"<p>Vous avez s\u00fbrement d\u00e9j\u00e0 entendu des phrases st\u00e9r\u00e9otyp\u00e9es sur la violence comme: Sachez que ce sont des st\u00e9r\u00e9otypes, des mythes. On vous propose de faire le point sur ce qui est vrai et ce qui ne l\u2019est pas.<\/p>\n","protected":false},"author":1,"featured_media":0,"parent":30,"menu_order":2,"comment_status":"closed","ping_status":"closed","template":"","meta":{"footnotes":""},"class_list":["post-144","page","type-page","status-publish","czr-hentry"],"_links":{"self":[{"href":"https:\/\/cestdelaviolence.be\/index.php\/wp-json\/wp\/v2\/pages\/144","targetHints":{"allow":["GET"]}}],"collection":[{"href":"https:\/\/cestdelaviolence.be\/index.php\/wp-json\/wp\/v2\/pages"}],"about":[{"href":"https:\/\/cestdelaviolence.be\/index.php\/wp-json\/wp\/v2\/types\/page"}],"author":[{"embeddable":true,"href":"https:\/\/cestdelaviolence.be\/index.php\/wp-json\/wp\/v2\/users\/1"}],"replies":[{"embeddable":true,"href":"https:\/\/cestdelaviolence.be\/index.php\/wp-json\/wp\/v2\/comments?post=144"}],"version-history":[{"count":1,"href":"https:\/\/cestdelaviolence.be\/index.php\/wp-json\/wp\/v2\/pages\/144\/revisions"}],"predecessor-version":[{"id":145,"href":"https:\/\/cestdelaviolence.be\/index.php\/wp-json\/wp\/v2\/pages\/144\/revisions\/145"}],"up":[{"embeddable":true,"href":"https:\/\/cestdelaviolence.be\/index.php\/wp-json\/wp\/v2\/pages\/30"}],"wp:attachment":[{"href":"https:\/\/cestdelaviolence.be\/index.php\/wp-json\/wp\/v2\/media?parent=144"}],"curies":[{"name":"wp","href":"https:\/\/api.w.org\/{rel}","templated":true}]}}