{"id":14,"date":"2023-09-19T10:27:12","date_gmt":"2023-09-19T08:27:12","guid":{"rendered":"https:\/\/cestdelaviolence.be\/?page_id=14"},"modified":"2023-10-12T13:15:27","modified_gmt":"2023-10-12T11:15:27","slug":"les-differentes-formes-de-violences","status":"publish","type":"page","link":"https:\/\/cestdelaviolence.be\/index.php\/je-me-pose-des-questions\/les-differentes-formes-de-violences\/","title":{"rendered":"Les diff\u00e9rentes formes de violences"},"content":{"rendered":"\n<p>La violence peut s\u2019exprimer de diff\u00e9rentes mani\u00e8res. Voici un \u00e9ventail des formes diverses qu\u2019elle peut prendre. Attention, il n\u2019est pas rare que plusieurs violences soient pr\u00e9sentes en m\u00eame temps.<\/p>\n\n\n\n<h2 class=\"wp-block-heading has-text-align-center has-text-color has-background\" style=\"color:#651b45;background-color:#ffc980;font-size:25px\">Violence verbale<\/h2>\n\n\n\n<p>Les violences verbales sont une des manifestations de la violence psychologique bas\u00e9e sur le d\u00e9nigrement du\/de la partenaire. Le d\u00e9nigrement peut se d\u00e9cliner dans diff\u00e9rentes formes, telles que le fait de rabaisser ou discr\u00e9diter la personne via des insultes, des injures, des critiques, des humiliations et\/ou du sarcasme. En outre, les violences verbales peuvent \u00e9galement se traduire dans des actes visant \u00e0 garder une certaine forme de contr\u00f4le sur le\/la partenaire (gestes ou paroles visant \u00e0 avoir du pouvoir sur l\u2019autre, \u00e0 le dominer ou l\u2019amener \u00e0 faire ou ne pas faire quelques chose contre son gr\u00e9), le contr\u00f4le peut se transformer \u00e9galement en une sorte de surveillance (\u00eatre \u00e0 l\u2019aff\u00fbt ou \u00e9pier), ainsi qu\u2019en des menaces ou chantages ou encore sous forme de cris et engueulades (se f\u00e2cher, crises de col\u00e8re, hausser le ton de la voix, intimider pour faire peur).<\/p>\n\n\n\n<h2 class=\"wp-block-heading has-text-align-center has-text-color has-background\" style=\"color:#651b45;background-color:#ffc980;font-size:25px\">Violence psychologique et\/ou morale<\/h2>\n\n\n\n<p>La violence psychologique est une forme de violence plus insidieuse car elle est invisible et difficile \u00e0 prouver.<\/p>\n\n\n\n<p>Dans la violence psychologique nous retrouvons de la manipulation, du rabaissement, des insultes, du gaslighting (une forme de manipulation qui change les perceptions de la victime qui se met \u00e0 douter de sa sant\u00e9 mentale), le fait de souffler le chaud et le froid (un moment valoriser la personne puis \u00e0 un autre moment la rabaisser), retourner la situation en faisant croire que la personne a provoqu\u00e9 et m\u00e9rite les violences, des menaces, du chantage, de l\u2019infantilisation, mettre la personne en situation de vuln\u00e9rabilit\u00e9 en l\u2019emp\u00eachant de faire ses propres d\u00e9penses\/la mettre dehors, contr\u00f4ler ses sorties\/fr\u00e9quentations\/tenues vestimentaires\/croyances politiques et religieuses, nuire \u00e0 la r\u00e9putation de quelqu\u2019un (mensonges\/rumeurs), etc.<\/p>\n\n\n\n<p>Souvent la violence psychologique peut pr\u00e9c\u00e9der d\u2019autres formes de violence comme la violence physique ceci afin de garder la victime sous emprise. La d\u00e9pendance affective lie la victime \u00e0 son agresseur\u00b7euse qu\u2019il\/elle\/iel a du mal \u00e0 quitter.<\/p>\n\n\n\n<h2 class=\"wp-block-heading has-text-align-center has-text-color has-background\" style=\"color:#651b45;background-color:#ffc980;font-size:25px\">Violence physique<\/h2>\n\n\n\n<p>Les violences physiques dans les relations intimes LGBT+ sont des probl\u00e8mes r\u00e9els qui peuvent \u00eatre difficiles \u00e0 reconna\u00eetre et \u00e0 signaler. Les victimes subissent des blessures graves et des traumatismes physiques et psychologiques; ils\/elles\/iels perdent confiance en eux et leur estime d\u2019eux diminue.&nbsp;<\/p>\n\n\n\n<p>Les violences physiques peuvent prendre plusieurs formes. Les victimes peuvent subir des coups, des gifles, des morsures, des br\u00fblures, des \u00e9tranglements, des \u00e9touffements, des coups de pied, des attaques avec des armes, ou toute autre forme de violence physique. Les agresseur\u00b7ses peuvent utiliser des objets pour blesser leur partenaire, tels que des couteaux, des bouteilles, des ceintures ou des cordes.<\/p>\n\n\n\n<p>La violence physique peut \u00eatre particuli\u00e8rement difficile \u00e0 reconna\u00eetre, car les victimes peuvent avoir peur de signaler les abus en raison de la stigmatisation, de la discrimination et du manque de soutien de la part des institutions. Les victimes peuvent \u00e9galement minimiser la gravit\u00e9 de la violence ou ne pas \u00eatre conscientes de la gravit\u00e9 de la situation.<\/p>\n\n\n\n<p>Les victimes de violence intimes ont besoin de soutien et de protection, et il est de notre responsabilit\u00e9 collective de mettre fin \u00e0 cette forme de violence et de cr\u00e9er des relations saines et respectueuses dans toutes les communaut\u00e9s.<\/p>\n\n\n\n<h2 class=\"wp-block-heading has-text-align-center has-text-color has-background\" style=\"color:#651b45;background-color:#ffc980;font-size:25px\">Violence \u00e9conomique<\/h2>\n\n\n\n<p>La violence \u00e9conomique est une forme de violence bien sp\u00e9cifique qui peut prendre plusieurs formes, telles que l\u2019exploitation financi\u00e8re de la part du\/ de la partenaire, mentir quant \u00e0 sa propre situation financi\u00e8re, recevoir des menaces ou du chantage en lien avec les in\u00e9galit\u00e9s de revenu, subir des actes de vandalisme ou se faire voler des biens\/ de l\u2019argent. La violence \u00e9conomique peut se traduire \u00e9galement sous forme de rapports de force entre partenaires (domination li\u00e9e \u00e0 la classe sociale\/position sociale). En outre, lorsque les partenaires d\u00e9cident de cohabiter, cette violence peut aussi se manifester sous forme de perte ou limitations financi\u00e8res et mat\u00e9rielles, contr\u00f4le et\/ou limitation des d\u00e9penses du\/ de la partenaire, difficult\u00e9s li\u00e9es \u00e0 l\u2019habitation, avoir une r\u00e9partition in\u00e9gale des d\u00e9penses li\u00e9es au m\u00e9nage ou li\u00e9es \u00e0 la relation.&nbsp;<\/p>\n\n\n\n<p>N\u2019h\u00e9sitez pas \u00e0 consulter la page sur les <a href=\"https:\/\/cestdelaviolence.be\/index.php\/je-cherche-de-laide\/les-aides-qui-existent\/\">aides financi\u00e8res<\/a> qui existent.<\/p>\n\n\n\n<h2 class=\"wp-block-heading has-text-align-center has-text-color has-background\" style=\"color:#651b45;background-color:#ffc980;font-size:25px\">Violence administrative<\/h2>\n\n\n\n<p>Contrairement aux violences physiques ou verbales, les violences administratives sont moins visibles mais tout aussi destructrices.&nbsp;<\/p>\n\n\n\n<p>Elles se manifestent par des actes de contr\u00f4le et de manipulation, notamment en ce qui concerne les aspects administratifs de la vie quotidienne. Il peut s\u2019agir de restreindre l\u2019acc\u00e8s aux ressources financi\u00e8res, de refuser l\u2019acc\u00e8s aux documents importants tels que les pi\u00e8ces d\u2019identit\u00e9, les passeports, les contrats, les fiches de paie ou les relev\u00e9s bancaires. L\u2019acc\u00e8s \u00e0 son propre courrier peut m\u00eame \u00eatre impossible. Enfin, des d\u00e9cisions unilat\u00e9rales sont prises concernant les biens communs.<\/p>\n\n\n\n<p>Ces comportements ont pour objectif de maintenir l\u2019autre personne dans une situation de d\u00e9pendance et de contr\u00f4le, ce qui peut entra\u00eener des cons\u00e9quences graves sur le plan \u00e9motionnel, financier et juridique. Les victimes se retrouvent souvent totalement isol\u00e9es.<\/p>\n\n\n\n<h2 class=\"wp-block-heading has-text-align-center has-text-color has-background\" style=\"color:#651b45;background-color:#ffc980;font-size:25px\">Violence sexuelle<\/h2>\n\n\n\n<p>On parle de violences sexuelles lorsque l\u2019on est contraint \u00e0 subir des relations sexuelles non consenties avec votre partenaire et\/ou une ou plusieurs autres personnes.&nbsp;<\/p>\n\n\n\n<p>Certains comportements sont \u00e9galement de la violence sexuelle: comme \u00eatre oblig\u00e9 d\u2019avoir des rapports non prot\u00e9g\u00e9s, de r\u00e9aliser les phantasmes de votre partenaire contre votre volont\u00e9 ou encore d\u2019avoir des relations sexuelles pour assurer votre s\u00e9curit\u00e9.<\/p>\n\n\n\n<p>Il en est de m\u00eame si vous \u00eates photographi\u00e9\u00b7e et\/ou film\u00e9\u00b7e \u00e0 votre insu, si votre partenaire raconte votre vie sexuelle ou si vous subissez des attouchements en public. Voici un exemple de situations d\u00e9crivant des violences sexuelles:<\/p>\n\n\n\n<ul class=\"wp-block-list\">\n<li>Subir des relations sexuelles non consenties avec son\/sa partenaire<\/li>\n\n\n\n<li>\u00catre oblig\u00e9 d\u2019avoir des rapports non prot\u00e9g\u00e9s<\/li>\n\n\n\n<li>\u00catre oblig\u00e9 d\u2019avoir des rapports avec une tierce personne<\/li>\n\n\n\n<li>\u00catre photographi\u00e9, film\u00e9 \u00e0 son insu<\/li>\n\n\n\n<li>Son\/sa partenaire raconte votre vie sexuelle<\/li>\n\n\n\n<li>Votre partenaire r\u00e9alise ses phantasmes contre votre volont\u00e9<\/li>\n\n\n\n<li>Avoir des relations sexuelles pour assurer sa s\u00e9curit\u00e9<\/li>\n\n\n\n<li>Subir des attouchements en public<\/li>\n\n\n\n<li>Autre.<\/li>\n<\/ul>\n\n\n\n<p>C\u2019est un sujet d\u00e9licat \u00e0 aborder surtout qu\u2019il existe une multitude de comportements de violence sexuelle et qu\u2019il n\u2019est pas toujours facile de les identifier.<\/p>\n\n\n\n<h2 class=\"wp-block-heading has-text-align-center has-text-color has-background\" style=\"color:#651b45;background-color:#ffc980;font-size:25px\">Violence apr\u00e8s s\u00e9paration<\/h2>\n\n\n\n<p>Quand on vit de la violence dans la relation intime, le moment de la s\u00e9paration est notamment le moment plus difficile et aussi le moment o\u00f9 nous pouvons envisager une escalade de la violence. Plus vous reprenez le contr\u00f4le sur vous-m\u00eame et votre vie, plus le\/la partenaire perd son contr\u00f4le et sa domination sur vous. C\u2019est pour \u00e7a que c\u2019est tr\u00e8s important, avant de concr\u00e9tiser la s\u00e9paration d\u2019avoir un plan. N\u2019h\u00e9sitez pas \u00e0 consulter la page <a href=\"https:\/\/cestdelaviolence.be\/index.php\/je-cherche-de-laide\/a-qui-sadresser\/\">\u00c0 qui s&#8217;adresser ?<\/a>\u00a0<\/p>\n\n\n\n<p>La violence apr\u00e8s s\u00e9paration fait r\u00e9f\u00e9rence \u00e0 la tentative ultime et extr\u00eame de la part du\/de la partenaire de conserver le contr\u00f4le sur l\u2019autre partenaire qui a d\u00e9cid\u00e9 de cesser la relation.&nbsp;&nbsp;<\/p>\n\n\n\n<p>Par exemple : essayer de convaincre l\u2019ex partenaire \u00e0 reprendre la relation; emp\u00eacher la victime de faire valoir ses droits; suivre le partenaire, essayer de contacter les ami\u00b7es et les proches pour se venger, pour les avoir de son c\u00f4t\u00e9; etc.&nbsp;&nbsp;<\/p>\n\n\n\n<p>La violence apr\u00e8s s\u00e9paration peut avoir des cons\u00e9quences graves pour le\/la partenaire qui se trouve dans un \u00e9tat d&#8217;extr\u00eame vuln\u00e9rabilit\u00e9s, notamment en termes de sant\u00e9 mentale et physique, ainsi que sur sa capacit\u00e9 \u00e0 se reconstruire apr\u00e8s la rupture.&nbsp;<\/p>\n\n\n\n<p>Il est important de ne pas sous-estimer ce type de violence, de savoir la reconna\u00eetre et de la prendre en compte pour essayer de mettre en place des mesures pour se prot\u00e9ger et pr\u00e9venir la r\u00e9cidive.&nbsp;<\/p>\n\n\n\n<p>Le parcours de la s\u00e9paration n\u2019est pas facile, c\u2019est normal d\u2019avoir un sentiment ambivalent parce que la manipulation fait souvent la loi l\u00e0 o\u00f9 il y a la violence. Essayez d\u2019en parler avec des proches et de demander de l\u2019aide.&nbsp;<\/p>\n\n\n\n<p>De plus, lorsqu\u2019il y a des enfants ou un animal de compagnie, on peut se retrouver \u00e0 devoir entretenir des liens pour une garde altern\u00e9e. Des formes de violences peuvent r\u00e9appara\u00eetre comme le contr\u00f4le, les gestes violents, les reproches, les bousculades, le refus de payer certaines charges concernant les enfants ou autres. Il est important d\u2019\u00eatre soutenu et de ne pas h\u00e9siter \u00e0 tout marquer dans un cahier de bord afin de pouvoir demander la garde exclusive et garder des traces pr\u00e9cises de ces manifestations.&nbsp;<\/p>\n\n\n\n<p>Sachez que vous n\u2019\u00eates pas seul\u00b7e, n\u2019h\u00e9sitez pas \u00e0 <a href=\"https:\/\/cestdelaviolence.be\/index.php\/je-cherche-de-laide\/les-aides-qui-existent\/\">consulter les aides possibles<\/a>.<\/p>\n\n\n\n<p><\/p>\n","protected":false},"excerpt":{"rendered":"<p>La violence peut s\u2019exprimer de diff\u00e9rentes mani\u00e8res. Voici un \u00e9ventail des formes diverses qu\u2019elle peut prendre. Attention, il n\u2019est pas rare que plusieurs violences soient pr\u00e9sentes en m\u00eame temps. Violence verbale Les violences verbales sont une des manifestations de la violence psychologique bas\u00e9e sur le d\u00e9nigrement du\/de la partenaire. Le d\u00e9nigrement peut se d\u00e9cliner dans [&hellip;]<\/p>\n","protected":false},"author":1,"featured_media":0,"parent":30,"menu_order":4,"comment_status":"closed","ping_status":"closed","template":"","meta":{"footnotes":""},"class_list":["post-14","page","type-page","status-publish","czr-hentry"],"_links":{"self":[{"href":"https:\/\/cestdelaviolence.be\/index.php\/wp-json\/wp\/v2\/pages\/14","targetHints":{"allow":["GET"]}}],"collection":[{"href":"https:\/\/cestdelaviolence.be\/index.php\/wp-json\/wp\/v2\/pages"}],"about":[{"href":"https:\/\/cestdelaviolence.be\/index.php\/wp-json\/wp\/v2\/types\/page"}],"author":[{"embeddable":true,"href":"https:\/\/cestdelaviolence.be\/index.php\/wp-json\/wp\/v2\/users\/1"}],"replies":[{"embeddable":true,"href":"https:\/\/cestdelaviolence.be\/index.php\/wp-json\/wp\/v2\/comments?post=14"}],"version-history":[{"count":10,"href":"https:\/\/cestdelaviolence.be\/index.php\/wp-json\/wp\/v2\/pages\/14\/revisions"}],"predecessor-version":[{"id":240,"href":"https:\/\/cestdelaviolence.be\/index.php\/wp-json\/wp\/v2\/pages\/14\/revisions\/240"}],"up":[{"embeddable":true,"href":"https:\/\/cestdelaviolence.be\/index.php\/wp-json\/wp\/v2\/pages\/30"}],"wp:attachment":[{"href":"https:\/\/cestdelaviolence.be\/index.php\/wp-json\/wp\/v2\/media?parent=14"}],"curies":[{"name":"wp","href":"https:\/\/api.w.org\/{rel}","templated":true}]}}